{"id":1825,"date":"2017-12-18T15:31:31","date_gmt":"2017-12-18T23:31:31","guid":{"rendered":"https:\/\/www.parenteenconnect.org\/privacy-policy\/"},"modified":"2018-03-16T15:31:32","modified_gmt":"2018-03-16T23:31:32","slug":"privacy-policy","status":"publish","type":"page","link":"https:\/\/www.parenteenconnect.org\/es\/privacy-policy\/","title":{"rendered":"Pol\u00edtica de Privacidad"},"content":{"rendered":"<p><strong>\u00daltima Actualizaci\u00f3n: Febrero 2018<\/strong><\/p>\n<p>Esta Pol\u00edtica de Privacidad (\u201cPol\u00edtica de Privacidad\u201d) explica c\u00f3mo Committee for Children (\u201cCFC\u201d o \u201cnosotros\u201d) recolecta, utiliza y revela la informaci\u00f3n acerca de usted. Esta Pol\u00edtica de Privacidad aplica a la informaci\u00f3n que nosotros recolectamos cuando utiliza nuestros sitios web, aplicaciones m\u00f3viles, y otros productos y servicios en l\u00ednea (colectivamente, los \u201cServicios\u201d), cuando usted interact\u00faa con nosotros en sitios de terceros donde nosotros tenemos una presencia oficial, o cuando usted interact\u00faa con nosotros de otra manera.<\/p>\n<p>Nosotros podremos cambiar esta Pol\u00edtica de Privacidad ocasionalmente. Si nosotros efectuamos cambios, le notificaremos a usted actualizando la fecha al inicio de esta Pol\u00edtica de Privacidad. En algunos casos, quiz\u00e1 le proporcionemos a usted alguna notificaci\u00f3n adicional, como pudiera ser adicionando una declaraci\u00f3n en las p\u00e1ginas iniciales de nuestros sitios web o envi\u00e1ndole a usted una notificaci\u00f3n por medio de un correo electr\u00f3nico. Le invitamos a revisar esta Pol\u00edtica de Privacidad cada vez que acceda a nuestros Servicios para mantenerse informado acerca de nuestras pr\u00e1cticas de informaci\u00f3n y las maneras en las que usted puede ayudar a proteger su privacidad.<\/p>\n<h4>EL IDIOMA INGL\u00c9S CONTROLA<\/h4>\n<p>Al utilizar este sitio, usted reconoce y acepta que la versi\u00f3n en el idioma Espa\u00f1ol de los Servicios se proporciona \u00fanicamente para su conveniencia y que es la intenci\u00f3n que los Servicios est\u00e9n escritos en ingl\u00e9s. Adicionalmente, cualquier notificaci\u00f3n requerida o proporcionada bajo esta Pol\u00edtica de Privacidad ser\u00e1 escrita o comunicada en ingl\u00e9s. Usted acepta que la versi\u00f3n en ingl\u00e9s prevalecer\u00e1 en el evento de cualquier conflicto entre la versi\u00f3n en ingl\u00e9s de esta Pol\u00edtica de Privacidad o cualquiera de las notificaciones y cualquier traducci\u00f3n de esta Pol\u00edtica de Privacidad o notificaciones a cualquier otro idioma.<\/p>\n<h4>\u00bfQU\u00c9 INFORMACI\u00d3N RECOLECTAMOS?<\/h4>\n<p><strong>Informaci\u00f3n que Usted Nos Proporciona a Nosotros<\/strong><\/p>\n<p>Recolectamos informaci\u00f3n que usted nos proporciona directamente a nosotros. Por ejemplo, recolectamos informaci\u00f3n cuando usted crea una cuenta, participa en los elementos interactivos de nuestros Servicios, llena un formato, hace una compra o una donaci\u00f3n, aplica para un puesto, se comunica con nosotros por medio de un sitio de<\/p>\n<p>redes sociales de terceros, se inscribe en nuestro bolet\u00edn informativo, se registra para participar en alg\u00fan concurso o sorteo, solicita atenci\u00f3n al cliente, o se comunica de alguna manera con nosotros. Los tipos de informaci\u00f3n que podremos recolectar incluyen su nombre, direcci\u00f3n de correo electr\u00f3nico, domicilio, n\u00famero telef\u00f3nico, informaci\u00f3n de pagos, puesto, informaci\u00f3n acerca de su escuela u organizaci\u00f3n, y cualquier otra informaci\u00f3n que usted elija proporcionar.<\/p>\n<p><strong>Informaci\u00f3n que Nosotros Recolectamos de Manera Autom\u00e1tica Cuando Usted Utiliza Nuestros Servicios<\/strong><\/p>\n<p>Cuando usted accede a o utiliza nuestros Servicios, nosotros autom\u00e1ticamente recolectamos informaci\u00f3n acerca de usted, incluyendo:<\/p>\n<ul>\n<li>Informaci\u00f3n de Registro: Nosotros registramos informaci\u00f3n acerca de su uso de nuestros Servicios, como la direcci\u00f3n de su Protocolo de Internet (\u201cIP\u201d por sus siglas en ingl\u00e9s), el tipo de navegador que utiliza, la direcci\u00f3n de alg\u00fan sitio web de referencia, y su actividad con nuestros Servicios.<\/li>\n<li>Informaci\u00f3n del Dispositivo: Nosotros recolectamos informaci\u00f3n acerca de la computadora o dispositivo que usted utiliza para acceder a nuestros Servicios, incluyendo el sistema operativo y la versi\u00f3n, y la informaci\u00f3n de la red.<\/li>\n<li>La informaci\u00f3n recolectada por Cookies y Otras Tecnolog\u00edas de Seguimiento: Nosotros utilizamos varias tecnolog\u00edas para recolectar informaci\u00f3n, y esto puede incluir enviar cookies a su computadora o su dispositivo. Cookies son peque\u00f1os archivos de datos que se almacenan en su disco duro o en la memoria de su dispositivo que nos ayudan a reconocer a los usuarios que han visitado los Servicios anteriormente y que retienen cierta informaci\u00f3n, como preferencias e historial del cliente. Quiz\u00e1 tambi\u00e9n recolectaremos informaci\u00f3n utilizando contadores de visita (tambi\u00e9n llamados \u201cpixeles de seguimiento\u201d). Los contadores de visita son im\u00e1genes electr\u00f3nicas que pueden utilizarse en nuestros Servicios o correos electr\u00f3nicos para ayudar a entregar cookies, contar las visitas, entender el uso y la efectividad de una campa\u00f1a, y determinar si un correo electr\u00f3nico ha sido abierto y se ha actuado sobre \u00e9l mismo. Para mayor informaci\u00f3n acerca de las cookies y de c\u00f3mo desactivarlas, favor de ver \u201cSus Selecciones\u201d abajo.<\/li>\n<\/ul>\n<p><strong>Informaci\u00f3n que Recolectamos de Otras Fuentes<\/strong><\/p>\n<p>Podemos tambi\u00e9n obtener informaci\u00f3n de otras fuentes, tales como proveedores de listas de correos, y combinar esa informaci\u00f3n con la informaci\u00f3n que recolectamos a trav\u00e9s de nuestros Servicios.<\/p>\n<h4>\u00bfC\u00d3MO UTILIZAMOS LA INFORMACI\u00d3N QUE RECOLECTAMOS?<\/h4>\n<p>Nosotros podremos utilizar esta informaci\u00f3n que recolectamos acerca de usted para varios prop\u00f3sitos, incluyendo para:<\/p>\n<ul>\n<li>Proporcionar, mantener y mejorar nuestros Servicios<\/li>\n<li>Proporcionar y entregar informaci\u00f3n, productos, o servicios que usted solicite, procesar sus donativos, y enviar su informaci\u00f3n relacionada, como son las confirmaciones y la factura<\/li>\n<li>Enviarle notificaciones t\u00e9cnicas, actualizaciones, alertas de seguridad, y mensajes de soporte y administrativos<\/li>\n<li>Responder a sus comentarios, preguntas y solicitudes (tales como sus solicitudes de permiso de Derechos de Autor) y proporcionarle atenci\u00f3n al cliente<\/li>\n<li>Comunicarnos con usted acerca de productos o servicios que ofrecen CFC y otros, y proporcionarle informaci\u00f3n adicional y noticias que nosotros consideremos que ser\u00e1n de su inter\u00e9s<\/li>\n<li>Monitorear y analizar tendencias, uso y actividades en relaci\u00f3n con nuestros Servicios<\/li>\n<li>Procesar y entregar participaciones en concursos o sorteos o premios y<\/li>\n<li>Efectuar cualquier otro prop\u00f3sito para el cual se recolect\u00f3 la informaci\u00f3n<\/li>\n<\/ul>\n<p>CFC est\u00e1 basado en Estados Unidos, y la informaci\u00f3n que recolectemos est\u00e1 gobernada por las leyes de EE UU. Al acceder o utilizar nuestros Servicios o al proporcionarnos informaci\u00f3n de cualquier otra manera, usted da su consentimiento para procesar y transferir informaci\u00f3n en y hacia los Estados Unidos y otros pa\u00edses.<\/p>\n<h4>\u00bfQU\u00c9 INFORMACI\u00d3N COMPARTIMOS CON TERCEROS?<\/h4>\n<p>Nosotros podremos compartir informaci\u00f3n acerca de usted como sigue o como se describe de otra manera en esta Pol\u00edtica de Privacidad:<\/p>\n<ul>\n<li>Con proveedores, consultores y otros proveedores de servicios que requieran acceso a dicha informaci\u00f3n para llevar a cabo trabajo en nuestro nombre<\/li>\n<li>En respuesta a una solicitud de informaci\u00f3n si nosotros creemos que la revelaci\u00f3n est\u00e1 de acuerdo con cualquier ley, regulaci\u00f3n o proceso legal aplicable, o seg\u00fan se requiera de alguna otra manera por cualquier ley, regla o regulaci\u00f3n aplicable<\/li>\n<li>Si nosotros creemos que sus acciones son inconsistentes con el esp\u00edritu o lenguaje de nuestros convenios o pol\u00edticas de uso, o para proteger los derechos, propiedad y seguridad de CFC y de otros<\/li>\n<li>En relaci\u00f3n a, o durante negociaciones de, cualquier fusi\u00f3n, venta de los activos de la organizaci\u00f3n, adquisici\u00f3n de todo o parte de nuestro negocio a otra organizaci\u00f3n, reorganizaci\u00f3n, o en cualquier otra situaci\u00f3n donde su informaci\u00f3n pueda ser transferida como uno de los activos de CFC y<\/li>\n<li>Con su consentimiento o por instrucci\u00f3n de usted<\/li>\n<\/ul>\n<p>Tambi\u00e9n podremos compartir informaci\u00f3n agregada o no identificada, que no pueda razonablemente utilizarse para identificarlo a usted.<\/p>\n<h4>\u00bfC\u00d3MO INTERACT\u00daAN NUESTROS SERVICIOS CON LOS SERVICIOS DE TERCEROS?<\/h4>\n<p><strong>Funciones de Compartir en Redes Sociales<\/strong><\/p>\n<p>Nuestros Servicios podr\u00e1n ofrecer funciones de compartici\u00f3n en redes sociales y otras herramientas integradas (como el bot\u00f3n de \u201cMe Gusta\u201d (\u201cLike\u201d) en Facebook), los cuales le permiten a usted compartir acciones que toma de nuestros Servicios por otros medios y vice versa. El uso de dichas funciones permite compartir informaci\u00f3n con sus amigos o con el p\u00fablico, dependiendo de las configuraciones que usted establezca con la entidad que proporcione la funci\u00f3n de compartici\u00f3n en redes sociales. Para mayor informaci\u00f3n acerca del prop\u00f3sito y alcance de la recolecci\u00f3n y procesamiento de datos en relaci\u00f3n con las funciones de compartir en redes sociales, por favor vaya a las pol\u00edticas de privacidad de las entidades que proporcionan estas funciones.<\/p>\n<p><strong>Publicidad y Servicios Anal\u00edticos Proporcionados por Otros<\/strong><\/p>\n<p>Podremos permitir que otros proporcionen servicios anal\u00edticos en nuestro nombre o que publiquen publicidad a lo largo del Internet. Estas entidades pueden utilizar cookies, contadores de visitas, y otras tecnolog\u00edas para recolectar informaci\u00f3n acerca de su uso de nuestros Servicios y otros sitios web, incluyendo su direcci\u00f3n IP, navegador, p\u00e1ginas visitadas, tiempo dedicado a las p\u00e1ginas, enlaces a los que les dio clic, e informaci\u00f3n de conversi\u00f3n. Esta informaci\u00f3n podr\u00e1 ser utilizada para, entre otras cosas, analizar y hacer seguimiento a datos, determinar la popularidad de ciertos contenidos, entregar publicidad y contenidos dirigidos a sus intereses en otros sitios web, y para comprender mejor su actividad con respecto a nuestros Servicios. Para mayor informaci\u00f3n sobre publicidad basada en sus intereses, o para no permitir que su informaci\u00f3n de exploraci\u00f3n en la red se utilice para prop\u00f3sitos de publicidad, por favor vaya a www.networkadvertising.org\/managing\/opt_out.asp y a www.aboutads.info\/choices.<\/p>\n<h4>\u00bfQU\u00c9 PASOS TOMAMOS PARA PROTEGER SU INFORMACI\u00d3N?<\/h4>\n<p>Nosotros tomamos medidas razonables para ayudar a proteger la informaci\u00f3n sobre usted de la p\u00e9rdida, robo, uso indebido y acceso no autorizado, divulgaci\u00f3n, alteraci\u00f3n o destrucci\u00f3n.<\/p>\n<p>SUS ELECCIONES<\/p>\n<p><strong>Informaci\u00f3n de la Cuenta<\/strong><\/p>\n<p>Usted podr\u00e1 actualizar, corregir, o eliminar informaci\u00f3n acerca de usted en cualquier momento, registr\u00e1ndose en su cuenta en l\u00ednea, envi\u00e1ndonos un correo electr\u00f3nico a info@cfchildren.org, o contact\u00e1ndonos por correo en la direcci\u00f3n proporcionada abajo. Si desea desactivar su cuenta, por favor env\u00edennos un correo electr\u00f3nico a info@cfchildren.org, pero considere que podremos retener cierta informaci\u00f3n seg\u00fan lo requiera la ley o por razones leg\u00edtimas del negocio. Podremos tambi\u00e9n retener copias de informaci\u00f3n cach\u00e9 o informaci\u00f3n archivada acerca de usted durante un cierto per\u00edodo.<\/p>\n<p><strong>Cookies<\/strong><\/p>\n<p>La mayor\u00eda de los navegadores est\u00e1n configurados para aceptar cookies por default. Si usted lo prefiere, generalmente puede elegir configurar su navegador para remover o rechazar cookies del navegador. Remover o rechazar cookies del navegador no necesariamente afecta a Flash cookies de terceros utilizadas en relaci\u00f3n con nuestros Servicios. Para mayor informaci\u00f3n acerca de c\u00f3mo eliminar o desactivar Flash cookies, por favor vaya a www.adobe.com\/products\/flashplayer\/security. Por favor tome nota que si elije remover o rechazar cookies, esto podr\u00eda afectar la disponibilidad y funcionalidad de nuestros Servicios.<\/p>\n<p><strong>Comunicaciones Promocionales<\/strong><\/p>\n<p>Usted puede elegir \u201cdejar\u201d de recibir comunicaciones de mercadotecnia o promocionales por parte nuestra siguiendo las instrucciones en las comunicaciones. Si elije dejar de recibirlas, podremos seguir envi\u00e1ndole comunicaciones no-promocionales, tales como aquellas relacionadas con su cuenta o con las relaciones comerciales existentes.<\/p>\n<h4>\u00bfC\u00d3MO PUEDE USTED OBTENER INFORMACI\u00d3N ADICIONAL?<\/h4>\n<p>Si tiene preguntas o comentarios acerca de esta Pol\u00edtica de Privacidad, por favor env\u00edenos un correo electr\u00f3nico a info@cfchildren.org, o cont\u00e1ctenos por correo a<\/p>\n<p><strong>Committee for Children <\/strong><br \/>\n<strong>2815 Second Ave., Suite 400 <\/strong><br \/>\n<strong>Seattle, WA, 98121<\/strong><\/p>\n","protected":false},"excerpt":{"rendered":"<p>\u00daltima Actualizaci\u00f3n: Febrero 2018 Esta Pol\u00edtica de Privacidad (\u201cPol\u00edtica de Privacidad\u201d) explica c\u00f3mo Committee for Children (\u201cCFC\u201d o \u201cnosotros\u201d) recolecta, utiliza y revela la informaci\u00f3n acerca de usted. Esta Pol\u00edtica de Privacidad aplica a la informaci\u00f3n que nosotros recolectamos cuando utiliza nuestros sitios web, aplicaciones m\u00f3viles, y otros productos y servicios en l\u00ednea (colectivamente, los [&hellip;]<\/p>\n","protected":false},"author":6,"featured_media":0,"parent":0,"menu_order":0,"comment_status":"closed","ping_status":"closed","template":"","meta":{"_acf_changed":false,"inline_featured_image":false,"footnotes":""},"class_list":["post-1825","page","type-page","status-publish","hentry"],"acf":[],"yoast_head":"<!-- This site is optimized with the Yoast SEO plugin v24.1 - https:\/\/yoast.com\/wordpress\/plugins\/seo\/ -->\n<title>Pol\u00edtica de Privacidad &#8211; ParenTeen Connect<\/title>\n<meta name=\"description\" content=\"Esta Pol\u00edtica de Privacidad (\u201cPol\u00edtica de Privacidad\u201d) explica c\u00f3mo Committee for Children (\u201cCFC\u201d o \u201cnosotros\u201d) recolecta, utiliza y revela la informaci\u00f3n acerca de usted.\" \/>\n<meta name=\"robots\" content=\"index, follow, max-snippet:-1, max-image-preview:large, max-video-preview:-1\" \/>\n<link rel=\"canonical\" href=\"https:\/\/www.parenteenconnect.org\/es\/privacy-policy\/\" \/>\n<meta property=\"og:locale\" content=\"es_ES\" \/>\n<meta property=\"og:type\" content=\"article\" \/>\n<meta property=\"og:title\" content=\"Pol\u00edtica de Privacidad &#8211; ParenTeen Connect\" \/>\n<meta property=\"og:description\" content=\"This privacy policy (\u201cPrivacy Policy\u201d) explains how information about you is collected, used, and disclosed by Committee for Children (\u201cCFC,\u201d \u201cwe,\u201d or \u201cus\u201d). This Privacy Policy applies to information we collect when you use our websites, mobile applications, and other online products and services (collectively, the \u201cServices\u201d), when you interact with us on third-party sites where we have an official presence, or when you otherwise interact with us.\" \/>\n<meta property=\"og:url\" content=\"https:\/\/www.parenteenconnect.org\/es\/privacy-policy\/\" \/>\n<meta property=\"og:site_name\" content=\"ParenTeen Connect\" \/>\n<meta property=\"article:publisher\" content=\"https:\/\/www.facebook.com\/2ndStepProgram\" \/>\n<meta property=\"article:modified_time\" content=\"2018-03-16T23:31:32+00:00\" \/>\n<meta name=\"twitter:card\" content=\"summary_large_image\" \/>\n<meta name=\"twitter:description\" content=\"This privacy policy (\u201cPrivacy Policy\u201d) explains how information about you is collected, used, and disclosed by Committee for Children...\" \/>\n<meta name=\"twitter:site\" content=\"@2ndstepprogram\" \/>\n<meta name=\"twitter:label1\" content=\"Est. reading time\" \/>\n\t<meta name=\"twitter:data1\" content=\"9 minutes\" \/>\n<script type=\"application\/ld+json\" class=\"yoast-schema-graph\">{\"@context\":\"https:\/\/schema.org\",\"@graph\":[{\"@type\":\"WebPage\",\"@id\":\"https:\/\/www.parenteenconnect.org\/es\/privacy-policy\/\",\"url\":\"https:\/\/www.parenteenconnect.org\/es\/privacy-policy\/\",\"name\":\"Pol\u00edtica de Privacidad &#8211; ParenTeen Connect\",\"isPartOf\":{\"@id\":\"https:\/\/www.parenteenconnect.org\/#website\"},\"datePublished\":\"2017-12-18T23:31:31+00:00\",\"dateModified\":\"2018-03-16T23:31:32+00:00\",\"description\":\"Esta Pol\u00edtica de Privacidad (\u201cPol\u00edtica de Privacidad\u201d) explica c\u00f3mo Committee for Children (\u201cCFC\u201d o \u201cnosotros\u201d) recolecta, utiliza y revela la informaci\u00f3n acerca de usted.\",\"breadcrumb\":{\"@id\":\"https:\/\/www.parenteenconnect.org\/es\/privacy-policy\/#breadcrumb\"},\"inLanguage\":\"es-ES\",\"potentialAction\":[{\"@type\":\"ReadAction\",\"target\":[\"https:\/\/www.parenteenconnect.org\/es\/privacy-policy\/\"]}]},{\"@type\":\"BreadcrumbList\",\"@id\":\"https:\/\/www.parenteenconnect.org\/es\/privacy-policy\/#breadcrumb\",\"itemListElement\":[{\"@type\":\"ListItem\",\"position\":1,\"name\":\"Home\",\"item\":\"https:\/\/www.parenteenconnect.org\/es\/\"},{\"@type\":\"ListItem\",\"position\":2,\"name\":\"Pol\u00edtica de Privacidad\"}]},{\"@type\":\"WebSite\",\"@id\":\"https:\/\/www.parenteenconnect.org\/#website\",\"url\":\"https:\/\/www.parenteenconnect.org\/\",\"name\":\"ParenTeen Connect\",\"description\":\"\",\"potentialAction\":[{\"@type\":\"SearchAction\",\"target\":{\"@type\":\"EntryPoint\",\"urlTemplate\":\"https:\/\/www.parenteenconnect.org\/?s={search_term_string}\"},\"query-input\":{\"@type\":\"PropertyValueSpecification\",\"valueRequired\":true,\"valueName\":\"search_term_string\"}}],\"inLanguage\":\"es-ES\"}]}<\/script>\n<!-- \/ Yoast SEO plugin. -->","yoast_head_json":{"title":"Pol\u00edtica de Privacidad &#8211; ParenTeen Connect","description":"Esta Pol\u00edtica de Privacidad (\u201cPol\u00edtica de Privacidad\u201d) explica c\u00f3mo Committee for Children (\u201cCFC\u201d o \u201cnosotros\u201d) recolecta, utiliza y revela la informaci\u00f3n acerca de usted.","robots":{"index":"index","follow":"follow","max-snippet":"max-snippet:-1","max-image-preview":"max-image-preview:large","max-video-preview":"max-video-preview:-1"},"canonical":"https:\/\/www.parenteenconnect.org\/es\/privacy-policy\/","og_locale":"es_ES","og_type":"article","og_title":"Pol\u00edtica de Privacidad &#8211; ParenTeen Connect","og_description":"This privacy policy (\u201cPrivacy Policy\u201d) explains how information about you is collected, used, and disclosed by Committee for Children (\u201cCFC,\u201d \u201cwe,\u201d or \u201cus\u201d). This Privacy Policy applies to information we collect when you use our websites, mobile applications, and other online products and services (collectively, the \u201cServices\u201d), when you interact with us on third-party sites where we have an official presence, or when you otherwise interact with us.","og_url":"https:\/\/www.parenteenconnect.org\/es\/privacy-policy\/","og_site_name":"ParenTeen Connect","article_publisher":"https:\/\/www.facebook.com\/2ndStepProgram","article_modified_time":"2018-03-16T23:31:32+00:00","twitter_card":"summary_large_image","twitter_description":"This privacy policy (\u201cPrivacy Policy\u201d) explains how information about you is collected, used, and disclosed by Committee for Children...","twitter_site":"@2ndstepprogram","twitter_misc":{"Est. reading time":"9 minutes"},"schema":{"@context":"https:\/\/schema.org","@graph":[{"@type":"WebPage","@id":"https:\/\/www.parenteenconnect.org\/es\/privacy-policy\/","url":"https:\/\/www.parenteenconnect.org\/es\/privacy-policy\/","name":"Pol\u00edtica de Privacidad &#8211; ParenTeen Connect","isPartOf":{"@id":"https:\/\/www.parenteenconnect.org\/#website"},"datePublished":"2017-12-18T23:31:31+00:00","dateModified":"2018-03-16T23:31:32+00:00","description":"Esta Pol\u00edtica de Privacidad (\u201cPol\u00edtica de Privacidad\u201d) explica c\u00f3mo Committee for Children (\u201cCFC\u201d o \u201cnosotros\u201d) recolecta, utiliza y revela la informaci\u00f3n acerca de usted.","breadcrumb":{"@id":"https:\/\/www.parenteenconnect.org\/es\/privacy-policy\/#breadcrumb"},"inLanguage":"es-ES","potentialAction":[{"@type":"ReadAction","target":["https:\/\/www.parenteenconnect.org\/es\/privacy-policy\/"]}]},{"@type":"BreadcrumbList","@id":"https:\/\/www.parenteenconnect.org\/es\/privacy-policy\/#breadcrumb","itemListElement":[{"@type":"ListItem","position":1,"name":"Home","item":"https:\/\/www.parenteenconnect.org\/es\/"},{"@type":"ListItem","position":2,"name":"Pol\u00edtica de Privacidad"}]},{"@type":"WebSite","@id":"https:\/\/www.parenteenconnect.org\/#website","url":"https:\/\/www.parenteenconnect.org\/","name":"ParenTeen Connect","description":"","potentialAction":[{"@type":"SearchAction","target":{"@type":"EntryPoint","urlTemplate":"https:\/\/www.parenteenconnect.org\/?s={search_term_string}"},"query-input":{"@type":"PropertyValueSpecification","valueRequired":true,"valueName":"search_term_string"}}],"inLanguage":"es-ES"}]}},"_links":{"self":[{"href":"https:\/\/www.parenteenconnect.org\/es\/wp-json\/wp\/v2\/pages\/1825","targetHints":{"allow":["GET"]}}],"collection":[{"href":"https:\/\/www.parenteenconnect.org\/es\/wp-json\/wp\/v2\/pages"}],"about":[{"href":"https:\/\/www.parenteenconnect.org\/es\/wp-json\/wp\/v2\/types\/page"}],"author":[{"embeddable":true,"href":"https:\/\/www.parenteenconnect.org\/es\/wp-json\/wp\/v2\/users\/6"}],"replies":[{"embeddable":true,"href":"https:\/\/www.parenteenconnect.org\/es\/wp-json\/wp\/v2\/comments?post=1825"}],"version-history":[{"count":10,"href":"https:\/\/www.parenteenconnect.org\/es\/wp-json\/wp\/v2\/pages\/1825\/revisions"}],"predecessor-version":[{"id":1962,"href":"https:\/\/www.parenteenconnect.org\/es\/wp-json\/wp\/v2\/pages\/1825\/revisions\/1962"}],"wp:attachment":[{"href":"https:\/\/www.parenteenconnect.org\/es\/wp-json\/wp\/v2\/media?parent=1825"}],"curies":[{"name":"wp","href":"https:\/\/api.w.org\/{rel}","templated":true}]}}