{"id":1711,"date":"2017-09-21T21:00:11","date_gmt":"2017-09-21T21:00:11","guid":{"rendered":"https:\/\/www.parenteenconnect.org\/learn-more\/"},"modified":"2018-03-16T13:47:03","modified_gmt":"2018-03-16T21:47:03","slug":"learn-more","status":"publish","type":"page","link":"https:\/\/www.parenteenconnect.org\/es\/learn-more\/","title":{"rendered":"Aprenda M\u00e1s"},"content":{"rendered":"<h2><strong>La Historia de ParenTeen Connect<\/strong><\/h2>\n<p>ParenTeen Connect es un proyecto especial de <a href=\"http:\/\/www.cfchildren.org\" target=\"_blank\" rel=\"noopener\">Committee for Children<\/a>, creador del programa\u00a0<a href=\"http:\/\/www.secondstep.org\" target=\"_blank\" rel=\"noopener\"><em>Second Step<\/em> Middle School Program<\/a> (un Programa para Escuela Media), el cual es un curr\u00edculum de aprendizaje socio-emocional basado en el sal\u00f3n de clases que ayuda a los alumnos a formar relaciones sanas, tomar buenas decisiones, y hacer frente a los retos acad\u00e9micos y sociales de la adolescencia temprana. ParenTeen Connect trabaja al lado del Programa de\u00a0<em>Second Step<\/em> d\u00e1ndole a los adolescentes y a sus padres\/madres la oportunidad de escuchar a otros adolescentes y padres\/madres, obteniendo consejos expertos acerca de temas dif\u00edciles, y teniendo acceso a herramientas pr\u00e1cticas para ayudarles a conectarse y comunicarse mejor en casa.<\/p>\n<h2><strong>\u00bfCu\u00e1l es la Gran Idea?<\/strong><\/h2>\n<p>Cuando usted es el\u00a0padre o la madre de hijos peque\u00f1os, hay una gran cantidad de libros, p\u00e1ginas de internet y grupos de apoyo, pero cuando sus hijos llegan a la adolescencia, se vuelve un reto encontrar esos mismos recursos de apoyo. Y no es ning\u00fan secreto que criar adolescentes puede ser una batalla. Como padre\/madre, quiz\u00e1 hasta se sienta como que est\u00e1 fracasando mientras que los otros padres\/madres tienen todo bajo control\u2014lo cual no podr\u00eda estar m\u00e1s lejos de la realidad. ParenTeen Connect busca normalizar los retos que se presentan al educar a los adolescentes por medio de entrevistas a familias reales\u2014est\u00e1n aqu\u00ed para mostrarles que ustedes no son los \u00fanicos batallando. ParenTeen Connect tambi\u00e9n ofrece consejos profesionales, basados en investigaciones acerca de problemas de la vida real por medio de una asociaci\u00f3n con la reconocida experta en crianza, la Dra. Laura Kastner. Usted encontrar\u00e1 en ParenTeenConnect.org las herramientas que necesitar\u00e1 para hacer que la adolescencia no sea tan pesada y sea m\u00e1s divertida.<\/p>\n","protected":false},"excerpt":{"rendered":"<p>La Historia de ParenTeen Connect ParenTeen Connect es un proyecto especial de Committee for Children, creador del programa\u00a0Second Step Middle School Program (un Programa para Escuela Media), el cual es un curr\u00edculum de aprendizaje socio-emocional basado en el sal\u00f3n de clases que ayuda a los alumnos a formar relaciones sanas, tomar buenas decisiones, y hacer [&hellip;]<\/p>\n","protected":false},"author":6,"featured_media":1204,"parent":0,"menu_order":0,"comment_status":"closed","ping_status":"closed","template":"page-learn-more.php","meta":{"_acf_changed":false,"inline_featured_image":false,"footnotes":""},"class_list":["post-1711","page","type-page","status-publish","has-post-thumbnail","hentry"],"acf":[],"yoast_head":"<!-- This site is optimized with the Yoast SEO plugin v24.1 - https:\/\/yoast.com\/wordpress\/plugins\/seo\/ -->\n<title>Aprenda M\u00e1s &#8211; ParenTeen Connect<\/title>\n<meta name=\"description\" content=\"Conozca el cerebro detr\u00e1s de ParenTeen Connect y explore recursos adicionales.\" \/>\n<meta name=\"robots\" content=\"index, follow, max-snippet:-1, max-image-preview:large, max-video-preview:-1\" \/>\n<link rel=\"canonical\" href=\"https:\/\/www.parenteenconnect.org\/es\/learn-more\/\" \/>\n<meta property=\"og:locale\" content=\"es_ES\" \/>\n<meta property=\"og:type\" content=\"article\" \/>\n<meta property=\"og:title\" content=\"What&#039;s ParenTeen Connect?\" \/>\n<meta property=\"og:description\" content=\"Find out how ParenTeenConnect.org came to be\u2014and how it can help parents and teens everywhere.\" \/>\n<meta property=\"og:url\" content=\"https:\/\/www.parenteenconnect.org\/es\/learn-more\/\" \/>\n<meta property=\"og:site_name\" content=\"ParenTeen Connect\" \/>\n<meta property=\"article:publisher\" content=\"https:\/\/www.facebook.com\/2ndStepProgram\" \/>\n<meta property=\"article:modified_time\" content=\"2018-03-16T21:47:03+00:00\" \/>\n<meta property=\"og:image\" content=\"https:\/\/www.parenteenconnect.org\/wp-content\/uploads\/2018\/01\/fb-image-learn-more.jpg\" \/>\n\t<meta property=\"og:image:width\" content=\"1200\" \/>\n\t<meta property=\"og:image:height\" content=\"630\" \/>\n\t<meta property=\"og:image:type\" content=\"image\/jpeg\" \/>\n<meta name=\"twitter:card\" content=\"summary_large_image\" \/>\n<meta name=\"twitter:title\" content=\"What&#039;s ParenTeen Connect?\" \/>\n<meta name=\"twitter:description\" content=\"Find out how ParenTeenConnect.org came to be\u2014and how it can help parents and teens everywhere.\" \/>\n<meta name=\"twitter:image\" content=\"https:\/\/www.parenteenconnect.org\/wp-content\/uploads\/2018\/01\/twitter-image-learnmore.jpg\" \/>\n<meta name=\"twitter:site\" content=\"@2ndstepprogram\" \/>\n<meta name=\"twitter:label1\" content=\"Est. reading time\" \/>\n\t<meta name=\"twitter:data1\" content=\"2 minutes\" \/>\n<script type=\"application\/ld+json\" class=\"yoast-schema-graph\">{\"@context\":\"https:\/\/schema.org\",\"@graph\":[{\"@type\":\"WebPage\",\"@id\":\"https:\/\/www.parenteenconnect.org\/es\/learn-more\/\",\"url\":\"https:\/\/www.parenteenconnect.org\/es\/learn-more\/\",\"name\":\"Aprenda M\u00e1s &#8211; ParenTeen Connect\",\"isPartOf\":{\"@id\":\"https:\/\/www.parenteenconnect.org\/#website\"},\"primaryImageOfPage\":{\"@id\":\"https:\/\/www.parenteenconnect.org\/es\/learn-more\/#primaryimage\"},\"image\":{\"@id\":\"https:\/\/www.parenteenconnect.org\/es\/learn-more\/#primaryimage\"},\"thumbnailUrl\":\"https:\/\/www.parenteenconnect.org\/wp-content\/uploads\/2017\/12\/mockuppolaroids4.jpg\",\"datePublished\":\"2017-09-21T21:00:11+00:00\",\"dateModified\":\"2018-03-16T21:47:03+00:00\",\"description\":\"Conozca el cerebro detr\u00e1s de ParenTeen Connect y explore recursos adicionales.\",\"breadcrumb\":{\"@id\":\"https:\/\/www.parenteenconnect.org\/es\/learn-more\/#breadcrumb\"},\"inLanguage\":\"es-ES\",\"potentialAction\":[{\"@type\":\"ReadAction\",\"target\":[\"https:\/\/www.parenteenconnect.org\/es\/learn-more\/\"]}]},{\"@type\":\"ImageObject\",\"inLanguage\":\"es-ES\",\"@id\":\"https:\/\/www.parenteenconnect.org\/es\/learn-more\/#primaryimage\",\"url\":\"https:\/\/www.parenteenconnect.org\/wp-content\/uploads\/2017\/12\/mockuppolaroids4.jpg\",\"contentUrl\":\"https:\/\/www.parenteenconnect.org\/wp-content\/uploads\/2017\/12\/mockuppolaroids4.jpg\",\"width\":878,\"height\":1073,\"caption\":\"Parent Resources - Polaroids of parents and teens\"},{\"@type\":\"BreadcrumbList\",\"@id\":\"https:\/\/www.parenteenconnect.org\/es\/learn-more\/#breadcrumb\",\"itemListElement\":[{\"@type\":\"ListItem\",\"position\":1,\"name\":\"Home\",\"item\":\"https:\/\/www.parenteenconnect.org\/es\/\"},{\"@type\":\"ListItem\",\"position\":2,\"name\":\"Aprenda M\u00e1s\"}]},{\"@type\":\"WebSite\",\"@id\":\"https:\/\/www.parenteenconnect.org\/#website\",\"url\":\"https:\/\/www.parenteenconnect.org\/\",\"name\":\"ParenTeen Connect\",\"description\":\"\",\"potentialAction\":[{\"@type\":\"SearchAction\",\"target\":{\"@type\":\"EntryPoint\",\"urlTemplate\":\"https:\/\/www.parenteenconnect.org\/?s={search_term_string}\"},\"query-input\":{\"@type\":\"PropertyValueSpecification\",\"valueRequired\":true,\"valueName\":\"search_term_string\"}}],\"inLanguage\":\"es-ES\"}]}<\/script>\n<!-- \/ Yoast SEO plugin. -->","yoast_head_json":{"title":"Aprenda M\u00e1s &#8211; ParenTeen Connect","description":"Conozca el cerebro detr\u00e1s de ParenTeen Connect y explore recursos adicionales.","robots":{"index":"index","follow":"follow","max-snippet":"max-snippet:-1","max-image-preview":"max-image-preview:large","max-video-preview":"max-video-preview:-1"},"canonical":"https:\/\/www.parenteenconnect.org\/es\/learn-more\/","og_locale":"es_ES","og_type":"article","og_title":"What's ParenTeen Connect?","og_description":"Find out how ParenTeenConnect.org came to be\u2014and how it can help parents and teens everywhere.","og_url":"https:\/\/www.parenteenconnect.org\/es\/learn-more\/","og_site_name":"ParenTeen Connect","article_publisher":"https:\/\/www.facebook.com\/2ndStepProgram","article_modified_time":"2018-03-16T21:47:03+00:00","og_image":[{"width":1200,"height":630,"url":"https:\/\/www.parenteenconnect.org\/wp-content\/uploads\/2018\/01\/fb-image-learn-more.jpg","type":"image\/jpeg"}],"twitter_card":"summary_large_image","twitter_title":"What's ParenTeen Connect?","twitter_description":"Find out how ParenTeenConnect.org came to be\u2014and how it can help parents and teens everywhere.","twitter_image":"https:\/\/www.parenteenconnect.org\/wp-content\/uploads\/2018\/01\/twitter-image-learnmore.jpg","twitter_site":"@2ndstepprogram","twitter_misc":{"Est. reading time":"2 minutes"},"schema":{"@context":"https:\/\/schema.org","@graph":[{"@type":"WebPage","@id":"https:\/\/www.parenteenconnect.org\/es\/learn-more\/","url":"https:\/\/www.parenteenconnect.org\/es\/learn-more\/","name":"Aprenda M\u00e1s &#8211; ParenTeen Connect","isPartOf":{"@id":"https:\/\/www.parenteenconnect.org\/#website"},"primaryImageOfPage":{"@id":"https:\/\/www.parenteenconnect.org\/es\/learn-more\/#primaryimage"},"image":{"@id":"https:\/\/www.parenteenconnect.org\/es\/learn-more\/#primaryimage"},"thumbnailUrl":"https:\/\/www.parenteenconnect.org\/wp-content\/uploads\/2017\/12\/mockuppolaroids4.jpg","datePublished":"2017-09-21T21:00:11+00:00","dateModified":"2018-03-16T21:47:03+00:00","description":"Conozca el cerebro detr\u00e1s de ParenTeen Connect y explore recursos adicionales.","breadcrumb":{"@id":"https:\/\/www.parenteenconnect.org\/es\/learn-more\/#breadcrumb"},"inLanguage":"es-ES","potentialAction":[{"@type":"ReadAction","target":["https:\/\/www.parenteenconnect.org\/es\/learn-more\/"]}]},{"@type":"ImageObject","inLanguage":"es-ES","@id":"https:\/\/www.parenteenconnect.org\/es\/learn-more\/#primaryimage","url":"https:\/\/www.parenteenconnect.org\/wp-content\/uploads\/2017\/12\/mockuppolaroids4.jpg","contentUrl":"https:\/\/www.parenteenconnect.org\/wp-content\/uploads\/2017\/12\/mockuppolaroids4.jpg","width":878,"height":1073,"caption":"Parent Resources - Polaroids of parents and teens"},{"@type":"BreadcrumbList","@id":"https:\/\/www.parenteenconnect.org\/es\/learn-more\/#breadcrumb","itemListElement":[{"@type":"ListItem","position":1,"name":"Home","item":"https:\/\/www.parenteenconnect.org\/es\/"},{"@type":"ListItem","position":2,"name":"Aprenda M\u00e1s"}]},{"@type":"WebSite","@id":"https:\/\/www.parenteenconnect.org\/#website","url":"https:\/\/www.parenteenconnect.org\/","name":"ParenTeen Connect","description":"","potentialAction":[{"@type":"SearchAction","target":{"@type":"EntryPoint","urlTemplate":"https:\/\/www.parenteenconnect.org\/?s={search_term_string}"},"query-input":{"@type":"PropertyValueSpecification","valueRequired":true,"valueName":"search_term_string"}}],"inLanguage":"es-ES"}]}},"_links":{"self":[{"href":"https:\/\/www.parenteenconnect.org\/es\/wp-json\/wp\/v2\/pages\/1711","targetHints":{"allow":["GET"]}}],"collection":[{"href":"https:\/\/www.parenteenconnect.org\/es\/wp-json\/wp\/v2\/pages"}],"about":[{"href":"https:\/\/www.parenteenconnect.org\/es\/wp-json\/wp\/v2\/types\/page"}],"author":[{"embeddable":true,"href":"https:\/\/www.parenteenconnect.org\/es\/wp-json\/wp\/v2\/users\/6"}],"replies":[{"embeddable":true,"href":"https:\/\/www.parenteenconnect.org\/es\/wp-json\/wp\/v2\/comments?post=1711"}],"version-history":[{"count":7,"href":"https:\/\/www.parenteenconnect.org\/es\/wp-json\/wp\/v2\/pages\/1711\/revisions"}],"predecessor-version":[{"id":1955,"href":"https:\/\/www.parenteenconnect.org\/es\/wp-json\/wp\/v2\/pages\/1711\/revisions\/1955"}],"wp:featuredmedia":[{"embeddable":true,"href":"https:\/\/www.parenteenconnect.org\/es\/wp-json\/wp\/v2\/media\/1204"}],"wp:attachment":[{"href":"https:\/\/www.parenteenconnect.org\/es\/wp-json\/wp\/v2\/media?parent=1711"}],"curies":[{"name":"wp","href":"https:\/\/api.w.org\/{rel}","templated":true}]}}