{"id":1700,"date":"2017-09-21T20:59:51","date_gmt":"2017-09-21T20:59:51","guid":{"rendered":"https:\/\/www.parenteenconnect.org\/independence\/"},"modified":"2018-03-22T14:09:25","modified_gmt":"2018-03-22T22:09:25","slug":"independence","status":"publish","type":"page","link":"https:\/\/www.parenteenconnect.org\/es\/independence\/","title":{"rendered":"Independencia"},"content":{"rendered":"","protected":false},"excerpt":{"rendered":"","protected":false},"author":6,"featured_media":0,"parent":0,"menu_order":0,"comment_status":"closed","ping_status":"closed","template":"page-activity.php","meta":{"_acf_changed":false,"inline_featured_image":false,"footnotes":""},"class_list":["post-1700","page","type-page","status-publish","hentry"],"acf":[],"yoast_head":"<!-- This site is optimized with the Yoast SEO plugin v24.1 - https:\/\/yoast.com\/wordpress\/plugins\/seo\/ -->\n<title>Independencia &#8211; ParenTeen Connect<\/title>\n<meta name=\"description\" content=\"Los adolescentes quieren independencia. \u00bfCu\u00e1ndo y d\u00f3nde deber\u00edan dejarlos los padres\/madres con sus propios dispositivos?\" \/>\n<meta name=\"robots\" content=\"index, follow, max-snippet:-1, max-image-preview:large, max-video-preview:-1\" \/>\n<link rel=\"canonical\" href=\"https:\/\/www.parenteenconnect.org\/es\/independence\/\" \/>\n<meta property=\"og:locale\" content=\"es_ES\" \/>\n<meta property=\"og:type\" content=\"article\" \/>\n<meta property=\"og:title\" content=\"Teens Want Independence\" \/>\n<meta property=\"og:description\" content=\"Is there such thing as too much independence? ParenTeenConnect.org can help parents and teens figure it all out.\" \/>\n<meta property=\"og:url\" content=\"https:\/\/www.parenteenconnect.org\/es\/independence\/\" \/>\n<meta property=\"og:site_name\" content=\"ParenTeen Connect\" \/>\n<meta property=\"article:publisher\" content=\"https:\/\/www.facebook.com\/2ndStepProgram\" \/>\n<meta property=\"article:modified_time\" content=\"2018-03-22T22:09:25+00:00\" \/>\n<meta property=\"og:image\" content=\"https:\/\/www.parenteenconnect.org\/wp-content\/uploads\/2018\/01\/fb-image-independence.jpg\" \/>\n\t<meta property=\"og:image:width\" content=\"1200\" \/>\n\t<meta property=\"og:image:height\" content=\"630\" \/>\n\t<meta property=\"og:image:type\" content=\"image\/jpeg\" \/>\n<meta name=\"twitter:card\" content=\"summary_large_image\" \/>\n<meta name=\"twitter:title\" content=\"Teens Want Independence\" \/>\n<meta name=\"twitter:description\" content=\"Is there such thing as too much independence? ParenTeen Connect can help parents and teens figure it all out.\" \/>\n<meta name=\"twitter:image\" content=\"https:\/\/www.parenteenconnect.org\/wp-content\/uploads\/2018\/01\/twitter-image-independence.jpg\" \/>\n<meta name=\"twitter:site\" content=\"@2ndstepprogram\" \/>\n<script type=\"application\/ld+json\" class=\"yoast-schema-graph\">{\"@context\":\"https:\/\/schema.org\",\"@graph\":[{\"@type\":\"WebPage\",\"@id\":\"https:\/\/www.parenteenconnect.org\/es\/independence\/\",\"url\":\"https:\/\/www.parenteenconnect.org\/es\/independence\/\",\"name\":\"Independencia &#8211; ParenTeen Connect\",\"isPartOf\":{\"@id\":\"https:\/\/www.parenteenconnect.org\/#website\"},\"datePublished\":\"2017-09-21T20:59:51+00:00\",\"dateModified\":\"2018-03-22T22:09:25+00:00\",\"description\":\"Los adolescentes quieren independencia. \u00bfCu\u00e1ndo y d\u00f3nde deber\u00edan dejarlos los padres\/madres con sus propios dispositivos?\",\"breadcrumb\":{\"@id\":\"https:\/\/www.parenteenconnect.org\/es\/independence\/#breadcrumb\"},\"inLanguage\":\"es-ES\",\"potentialAction\":[{\"@type\":\"ReadAction\",\"target\":[\"https:\/\/www.parenteenconnect.org\/es\/independence\/\"]}]},{\"@type\":\"BreadcrumbList\",\"@id\":\"https:\/\/www.parenteenconnect.org\/es\/independence\/#breadcrumb\",\"itemListElement\":[{\"@type\":\"ListItem\",\"position\":1,\"name\":\"Home\",\"item\":\"https:\/\/www.parenteenconnect.org\/es\/\"},{\"@type\":\"ListItem\",\"position\":2,\"name\":\"Independencia\"}]},{\"@type\":\"WebSite\",\"@id\":\"https:\/\/www.parenteenconnect.org\/#website\",\"url\":\"https:\/\/www.parenteenconnect.org\/\",\"name\":\"ParenTeen Connect\",\"description\":\"\",\"potentialAction\":[{\"@type\":\"SearchAction\",\"target\":{\"@type\":\"EntryPoint\",\"urlTemplate\":\"https:\/\/www.parenteenconnect.org\/?s={search_term_string}\"},\"query-input\":{\"@type\":\"PropertyValueSpecification\",\"valueRequired\":true,\"valueName\":\"search_term_string\"}}],\"inLanguage\":\"es-ES\"}]}<\/script>\n<!-- \/ Yoast SEO plugin. -->","yoast_head_json":{"title":"Independencia &#8211; ParenTeen Connect","description":"Los adolescentes quieren independencia. \u00bfCu\u00e1ndo y d\u00f3nde deber\u00edan dejarlos los padres\/madres con sus propios dispositivos?","robots":{"index":"index","follow":"follow","max-snippet":"max-snippet:-1","max-image-preview":"max-image-preview:large","max-video-preview":"max-video-preview:-1"},"canonical":"https:\/\/www.parenteenconnect.org\/es\/independence\/","og_locale":"es_ES","og_type":"article","og_title":"Teens Want Independence","og_description":"Is there such thing as too much independence? ParenTeenConnect.org can help parents and teens figure it all out.","og_url":"https:\/\/www.parenteenconnect.org\/es\/independence\/","og_site_name":"ParenTeen Connect","article_publisher":"https:\/\/www.facebook.com\/2ndStepProgram","article_modified_time":"2018-03-22T22:09:25+00:00","og_image":[{"width":1200,"height":630,"url":"https:\/\/www.parenteenconnect.org\/wp-content\/uploads\/2018\/01\/fb-image-independence.jpg","type":"image\/jpeg"}],"twitter_card":"summary_large_image","twitter_title":"Teens Want Independence","twitter_description":"Is there such thing as too much independence? ParenTeen Connect can help parents and teens figure it all out.","twitter_image":"https:\/\/www.parenteenconnect.org\/wp-content\/uploads\/2018\/01\/twitter-image-independence.jpg","twitter_site":"@2ndstepprogram","schema":{"@context":"https:\/\/schema.org","@graph":[{"@type":"WebPage","@id":"https:\/\/www.parenteenconnect.org\/es\/independence\/","url":"https:\/\/www.parenteenconnect.org\/es\/independence\/","name":"Independencia &#8211; ParenTeen Connect","isPartOf":{"@id":"https:\/\/www.parenteenconnect.org\/#website"},"datePublished":"2017-09-21T20:59:51+00:00","dateModified":"2018-03-22T22:09:25+00:00","description":"Los adolescentes quieren independencia. \u00bfCu\u00e1ndo y d\u00f3nde deber\u00edan dejarlos los padres\/madres con sus propios dispositivos?","breadcrumb":{"@id":"https:\/\/www.parenteenconnect.org\/es\/independence\/#breadcrumb"},"inLanguage":"es-ES","potentialAction":[{"@type":"ReadAction","target":["https:\/\/www.parenteenconnect.org\/es\/independence\/"]}]},{"@type":"BreadcrumbList","@id":"https:\/\/www.parenteenconnect.org\/es\/independence\/#breadcrumb","itemListElement":[{"@type":"ListItem","position":1,"name":"Home","item":"https:\/\/www.parenteenconnect.org\/es\/"},{"@type":"ListItem","position":2,"name":"Independencia"}]},{"@type":"WebSite","@id":"https:\/\/www.parenteenconnect.org\/#website","url":"https:\/\/www.parenteenconnect.org\/","name":"ParenTeen Connect","description":"","potentialAction":[{"@type":"SearchAction","target":{"@type":"EntryPoint","urlTemplate":"https:\/\/www.parenteenconnect.org\/?s={search_term_string}"},"query-input":{"@type":"PropertyValueSpecification","valueRequired":true,"valueName":"search_term_string"}}],"inLanguage":"es-ES"}]}},"_links":{"self":[{"href":"https:\/\/www.parenteenconnect.org\/es\/wp-json\/wp\/v2\/pages\/1700","targetHints":{"allow":["GET"]}}],"collection":[{"href":"https:\/\/www.parenteenconnect.org\/es\/wp-json\/wp\/v2\/pages"}],"about":[{"href":"https:\/\/www.parenteenconnect.org\/es\/wp-json\/wp\/v2\/types\/page"}],"author":[{"embeddable":true,"href":"https:\/\/www.parenteenconnect.org\/es\/wp-json\/wp\/v2\/users\/6"}],"replies":[{"embeddable":true,"href":"https:\/\/www.parenteenconnect.org\/es\/wp-json\/wp\/v2\/comments?post=1700"}],"version-history":[{"count":16,"href":"https:\/\/www.parenteenconnect.org\/es\/wp-json\/wp\/v2\/pages\/1700\/revisions"}],"predecessor-version":[{"id":1988,"href":"https:\/\/www.parenteenconnect.org\/es\/wp-json\/wp\/v2\/pages\/1700\/revisions\/1988"}],"wp:attachment":[{"href":"https:\/\/www.parenteenconnect.org\/es\/wp-json\/wp\/v2\/media?parent=1700"}],"curies":[{"name":"wp","href":"https:\/\/api.w.org\/{rel}","templated":true}]}}